{"id":3,"date":"2021-01-13T14:51:37","date_gmt":"2021-01-13T14:51:37","guid":{"rendered":"https:\/\/milan-office.de\/?page_id=3"},"modified":"2023-04-15T17:31:08","modified_gmt":"2023-04-15T17:31:08","slug":"privacy-policy","status":"publish","type":"page","link":"https:\/\/milan-office.de\/?page_id=3","title":{"rendered":"Impressum"},"content":{"rendered":"\n<h2 class=\"wp-block-heading\"><strong>Impressum<\/strong><\/h2>\n\n\n\n<p>Our website address is: https:\/\/milan-office.de.<\/p>\n\n\n\n<p>Nachstehend informieren wir Sie \u00fcber inhaltliche und rechtliche Bestimmungen, die bei der Nutzung unserer Internetseite bestehen. Sofern Sie Fragen, Anregungen oder Hinweise haben, k\u00f6nnen Sie sich jederzeit an uns wenden.<\/p>\n\n\n\n<p>Sitz des Unternehmens und verantwortlich f\u00fcr den Inhalt dieser Internetseite:<\/p>\n\n\n\n<p id=\"u944-11\"><strong>Ludwig Bauer Elektro GmbH<\/strong><\/p>\n\n\n\n<p id=\"u944-13\"><strong>Zehentweg 7<\/strong><\/p>\n\n\n\n<p id=\"u944-15\"><strong>82405 Wessobrunn in Oberbayern<\/strong><\/p>\n\n\n\n<p id=\"u944-17\"><strong>Tel.:\u00a0 08809 9239367<\/strong><\/p>\n\n\n\n<p id=\"u944-19\"><strong>Mail:&nbsp; info@ludwigbauer.de<\/strong><\/p>\n\n\n\n<p id=\"u944-21\"><strong>Registergericht: M\u00fcnchen&nbsp; Sitz: Weilheim<\/strong><\/p>\n\n\n\n<p id=\"u944-23\"><strong>Gesch\u00e4ftsf\u00fchrer: Ludwig Bauer<\/strong><\/p>\n\n\n\n<p id=\"u944-26\">Milan Geb\u00e4udesteuerung<\/p>\n\n\n\n<p>ist ein Produkt von\u00a0<a rel=\"noreferrer noopener\" href=\"http:\/\/www.ludwigbauer.de\/\" target=\"_blank\">Ludwig Bauer Elektro GmbH<\/a><\/p>\n\n\n\n<p id=\"u944-33\"><strong>Inhalt<\/strong><\/p>\n\n\n\n<p>Der Inhalt dieser Seiten wurde mit gr\u00f6\u00dftm\u00f6glicher Sorgfalt zusammengestellt. Wir k\u00f6nnen jedoch keine Gew\u00e4hr f\u00fcr die Fehlerfreiheit und Genauigkeit der bereitgestellten Informationen \u00fcbernehmen. Daher schlie\u00dfen wir jegliche Haftung f\u00fcr Sch\u00e4den, die direkt oder indirekt aus der Benutzung unserer Internetseite entstehen, aus.<\/p>\n\n\n\n<p id=\"u944-39\"><strong>Urheberrecht<\/strong><\/p>\n\n\n\n<p>Copyright 2010 Milan\u00ae Geb\u00e4udesteuerung. Das auf unserer Internetseite enthaltene geistige Eigentum wie Patente, Marken und Urheberrechte ist gesch\u00fctzt. Alle Texte, Bilder, Graphiken, Ton-, Video- und Animations-dateien, sowie die Milan Geb\u00e4udesteuerung unterliegen dem Urheberrecht und anderen Gesetzen zum Schutz des geistigen Eigentums. Sie d\u00fcrfen weder f\u00fcr Handels-zwecke oder zur Weitergabe kopiert, noch ver\u00e4ndert und auf anderen Internetseiten verwendet werden. Durch diese Internetseite wird keine Lizenz zur Nutzung des geistigen Eigentums von uns oder Dritten erteilt. Alle innerhalb des Internetangebots genannten und gegebenenfalls durch Dritte gesch\u00fctzten Marken- und Warenzeichen unterliegen uneingeschr\u00e4nkt den Bestimmungen des jeweils g\u00fcltigen Kennzeichenrechts und den Besitzrechten der jeweiligen eingetragenen Eigent\u00fcmer. Allein aufgrund der blo\u00dfen Nennung ist nicht der Schluss zu ziehen, dass Markenzeichen nicht durch Rechte Dritter gesch\u00fctzt sind.<\/p>\n\n\n\n<p id=\"u944-45\"><strong>Abmahnungen<\/strong><\/p>\n\n\n\n<p>Sollte beabsichtigt werden, uns eine Abmahnung zukommen zu lassen, werden Sie zur Vermeidung unn\u00f6tiger Rechtsstreitig-keiten und -Kosten gebeten und uns zun\u00e4chst im Vorfeld zu kontaktieren. Die Kostennote einer anwaltlichen Abmahnung ohne vorhergehende Kontaktaufnahme mit uns wird im Sinne der Schadensminderungspflicht als unbegr\u00fcndet zur\u00fcckgewiesen. Die dem Unternehmen&nbsp;&nbsp; entstehenden Kosten w\u00fcrden dann in Rechnung gestellt.<\/p>\n\n\n\n<p id=\"u944-51\"><strong>Datenschutzhinweise<\/strong><\/p>\n\n\n\n<p>Der Schutz Ihrer Privatsph\u00e4re, sowie Ihrer pers\u00f6nlichen Daten ist f\u00fcr uns ein wichtiges Thema, daher haben wir verschiedene Sicherheitsma\u00dfnahmen getroffen. Wir arbeiten aber auch mit Drittanbietern zusammen, auf die wir Sie gerne hinweisen m\u00f6chten.<\/p>\n\n\n\n<p id=\"u944-57\"><strong>Google Analytics<\/strong><\/p>\n\n\n\n<p>Um die Kundennutzung unserer Internetseite besser nachvollziehen zu k\u00f6nnen, zum Beispiel welche Suchanfrage Sie zu uns gef\u00fchrt hat, benutzen wir Google Analytics, einen Webanalysedienst der Google Inc. (\u201eGoogle\u201c).<\/p>\n\n\n\n<p>Google Analytics verwendet sog. \u201eCookies\u201c, Textdateien, die auf Ihrem Computer gespeichert werden und die eine Analyse der Benutzung der Website durch Sie erm\u00f6glichen. Die durch den Cookie erzeugten Informationen \u00fcber Ihre Benutzung dieser Website werden in der Regel an einen Server von Google in den USA \u00fcbertragen und dort gespeichert. Durch die Aktivierung der IP-Anonymisierung auf dieser Webseite wird Ihre IP-Adresse von Google jedoch innerhalb von Mitgliedstaaten der Europ\u00e4ischen Union oder in anderen Vertragsstaaten des Abkommens \u00fcber den Europ\u00e4ischen Wirtschaftsraum zuvor gek\u00fcrzt. Nur in Ausnahmef\u00e4llen wird die volle IP-Adresse an einen Server von Google in den USA \u00fcbertragen und dort gek\u00fcrzt.<\/p>\n\n\n\n<p>In unserem Auftrag wird Google diese Informationen benutzen, um Ihre Nutzung der Website auszuwerten, um Reports \u00fcber die Websiteaktivit\u00e4ten zusammenzustellen und um weitere mit der Websitenutzung und der Internetnutzung verbundene Dienstleistungen gegen\u00fcber dem Websitebetreiber zu erbringen. Die im Rahmen von Google Analytics von Ihrem Browser \u00fcbermittelte IP-Adresse wird nicht mit anderen Daten von Google zusammengef\u00fchrt. Sie k\u00f6nnen die Speicherung der Cookies durch eine entsprechende Einstellung Ihrer Browser-Software verhindern. Wir weisen Sie jedoch darauf hin, dass Sie in diesem Fall gegebenenfalls nicht s\u00e4mtliche Funktionen dieser Website vollumf\u00e4nglich werden nutzen k\u00f6nnen.<\/p>\n\n\n\n<p>Sie k\u00f6nnen dar\u00fcber hinaus die Erfassung der durch das Cookie erzeugten und auf Ihre Nutzung der Website bezogenen Daten (inkl. Ihrer IP-Adresse) an Google sowie die Verarbeitung dieser Daten durch Google verhindern, indem sie das unter dem folgenden Link verf\u00fcgbare Browser-Plugin herunterladen und installieren: http:\/\/tools.google.com\/dlpage\/gaoptout?hl=de.<\/p>\n\n\n\n<p>Sie k\u00f6nnen die Erfassung durch Google Analytics verhindern, indem Sie auf folgenden Link klicken. Es wird ein Opt-Out-Cookie gesetzt, das die zuk\u00fcnftige Erfassung Ihrer Daten beim Besuch dieser Website verhindert: &lt;a href=\u201cjavascript:gaOptout()\u201c&gt;Google Analytics deaktivieren&lt;\/a&gt;<\/p>\n\n\n\n<p>N\u00e4here Informationen zu Nutzungsbedingungen und Datenschutz finden Sie unter http:\/\/www.google.com\/analytics\/terms\/de.html bzw. unter https:\/\/www.google.de\/intl\/de\/policies\/. Wir weisen Sie darauf hin, dass auf dieser Website Google Analytics um den Code \u201eanonymizeIp\u201c erweitert wurde, um eine anonymisierte Erfassung von IP-Adressen (sog. IP-Masking) zu gew\u00e4hrleisten.<\/p>\n\n\n\n<p id=\"u944-78\"><strong>Pers\u00f6nliche Daten<\/strong><\/p>\n\n\n\n<p>Pers\u00f6nliche Daten werden durch uns nur dann erhoben, wenn Sie aktiv direkt mit uns Kontakt aufnehmen, z. B. per Email. Dar\u00fcber hinaus werden pers\u00f6nliche Daten nur dann gespeichert, wenn Sie uns diese von sich aus, z.B. im Rahmen einer Registrierung, einer Umfrage, eines Preisausschreibens oder zur Durchf\u00fchrung eines Vertrags angeben.<\/p>\n\n\n\n<p><br>Alle in diesem Rahmen anfallenden Daten werden entsprechend den jeweils geltenden Vorschriften zum Schutz personenbezogener Daten, nur zum Zwecke der Vertragsabwicklung und zur Wahrung berechtigter eigener Gesch\u00e4ftsinteressen im Hinblick auf die Beratung und Betreuung unserer Kunden und die bedarfsgerechte Produktgestaltung erhoben, verarbeitet und genutzt.<\/p>\n\n\n\n<p>Unsere Mitarbeiter sind zur Verschwiegenheit \u00fcber personenbezogene Daten verpflichtet. Eine Weitergabe dieser Daten an Dritte erfolgt nur, wenn dies f\u00fcr die Vertragserf\u00fcllung notwendig ist. Solche Dritte sind ebenfalls durch Vereinbarungen zur Beachtung des Datenschutzes der Nutzer verpflichtet.<\/p>\n\n\n\n<p id=\"u944-90\">Sicherheit und Sorgfalt<\/p>\n\n\n\n<p>Alle bei uns befindlichen Daten, die sich auf unseren Servern befinden und dort gespeichert werden, sind durch verschiedene Sicherheitsma\u00dfnahmen vor internen als auch externen Zugriffen Unberechtigter gesichert. Unsere Mitarbeiter und unsere Systemdienstleister \u00fcberpr\u00fcfen die Wirksamkeit des Schutzes regelm\u00e4\u00dfig und halten unsere Sicherheitstechnik auf aktuellsten Stand.<\/p>\n\n\n\n<p>Wir k\u00fcmmern uns um die Einhaltung der Datenschutzbestimmungen in allen Bereichen unseres Unternehmens. Wir behalten uns aber ausdr\u00fccklich vor, diese Datenschutzbestimmungen jederzeit zu \u00e4ndern, zu erg\u00e4nzen, zu berichtigen oder ganz bzw. teilweise zu l\u00f6schen, insbesondere wenn neu entstehende gesetzlichen Anforderungen oder technischen Entwicklungen eine entsprechende Anpassung dieser Datenschutzbestimmungen erforderlich machen.<\/p>\n\n\n\n<p id=\"u944-99\"><strong>Bildnachweis \/ Seite:<\/strong><\/p>\n\n\n\n<p>index.html \u00a9 [Jackfrog \/ 62134672 ] \u2013 Fotolia.com<\/p>\n\n\n\n<p>milan.html \u00a9 [SolisImages \/ 75904191 ] \u2013 Fotolia.com<\/p>\n\n\n\n<p>newsletter.html \u00a9 [Ljupco Smokovski \/ 103514874 ] \u2013 Fotolia.com<\/p>\n\n\n\n<p>download.html \u00a9 [charles taylor \/ 1110932 ] \u2013 Fotolia.com<\/p>\n\n\n\n<p>Projektbeispielfotos auf der Seite architekten.html unter&nbsp;<em>Manufakturen f\u00fcr Leuchten und Projektpartner<\/em>:<\/p>\n\n\n\n<p>&nbsp;\u00a9&nbsp; Occhio \/ Robert Sprang<\/p>\n\n\n\n<p>Bild: case-lumar_blackline_musterhaus-03-10.jpg<\/p>\n\n\n\n<p>Bild: case-lumar_blackline_musterhaus-10-31.jpg<\/p>\n\n\n\n<p id=\"u961-2\"><strong>AGB \/ Allgemeine Gesch\u00e4ftsbedingungen<\/strong><\/p>\n\n\n\n<p>1.1 Die Leistungen von Ludwig Bauer Elektro GmbH ., nachfolgend \u201eUnternehmer\u201c genannt, werden ausschlie\u00dflich auf der Grundlage dieser Allgemeinen Gesch\u00e4ftsbedingungen erbracht. Diese gelten mithin auch f\u00fcr alle k\u00fcnftigen Rechtsgesch\u00e4fte verwandter Art, auch wenn sie nicht nochmals ausdr\u00fccklich vereinbart werden. Auch bei abweichenden Gesch\u00e4ftsbedingungen des Vertragspartners gelten ausschlie\u00dflich die Bedingungen des Unternehmers.<\/p>\n\n\n\n<p>1.2 Der Unternehmer erbringt grunds\u00e4tzlich handwerkliche T\u00e4tigkeiten vor Ort, fertigt speziell vereinbarte Sachen an und verkauft Sachen an den Kunden.<\/p>\n\n\n\n<p>2.1 Angebote des Unternehmers sind grunds\u00e4tzlich, sofern schriftlich nicht anders vereinbart wurde, freibleibend. Soweit ein schriftliches Angebot des Unternehmers unterbreitet wurde und nichts Gegenteiliges vereinbart ist, so ist das Angebot f\u00fcr die Zeit von 6 Wochen nach Abgabe bindend.<\/p>\n\n\n\n<p>2.2 Ein Vertrag mit dem Unternehmer kommt zustande durch die \u00dcbermittlung des unterschriebenen Auftrags oder unterschriebenen Angebots auf dem Postweg, per Fax oder E-Mail.<\/p>\n\n\n\n<p>2.3 Warenproben, Modelle, Zeichnungen, Berechnungen, Kostenvoranschl\u00e4ge oder andere Unterlagen sind gedankliches und urheberrechtliches Eigentum des Unternehmers und d\u00fcrfen zum Schutze des Betriebes ohne Zustimmung des Unternehmers dritten Personen nicht ausgeh\u00e4ndigt, gezeigt oder sonst wie zug\u00e4nglich gemacht werden und sind bei Nichtabschluss eines Vertrages mit dem Unternehmer unverz\u00fcglich an diesen zur\u00fcckzugeben.<\/p>\n\n\n\n<p>3.1 Der Unternehmer erbringt seine Leistung, sofern nichts Gegenteiliges vereinbart wurde: zu den erfassten Einheitspreisen im Angebot oder Kostenvoranschlag, (\u00e4ndert sich die Menge bleibt der Einheitspreis konstant) wird f\u00fcr ein bestimmtes Produkt nichts vereinbart so gilt die Preisempfehlung des Herstellers, wird f\u00fcr Leistungen nichts anderes vereinbart so gilt ein Stundensatz von 120 Euro inkl. MwSt.<\/p>\n\n\n\n<p>3.2 Bei der Berechnung der Handwerksleistung nach Aufwand werden die Preise f\u00fcr verwendete Teile, Materialien und Sonderleistungen sowie die Preise f\u00fcr die Arbeitsleistungen, die Fahrt- und Transportkosten jeweils gesondert ausgewiesen.<\/p>\n\n\n\n<p>3.3 Wird die Leistung aufgrund eines verbindlichen Kostenvoranschlags ausgef\u00fchrt, so werden nur die einzelnen Positionen mit Mengenangabe aufgelistet.<\/p>\n\n\n\n<p>3.4 F\u00fcr alle Auftr\u00e4ge beh\u00e4lt sich das Unternehmen das Recht vor, eine Anzahlungsrechung von 20% der Auftragssumme vor Leistungsantritt sowie eine Abschlagszahlung von 60% w\u00e4hrend des Erf\u00fcllungszeitraumes, zu stellen.<\/p>\n\n\n\n<p>3.5 S\u00e4mtliche Zahlungen sind 10 Tage nach Rechnungsstellung ohne jeden Abzug zu zahlen. Bei \u00dcberschreitung der Zahlungstermine steht dem Unternehmer ohne weitere Mahnung ein Anspruch auf Verzugszinsen in H\u00f6he von 11,5 % p.a. zu. Wird das Zahlungsziel \u00fcberschritten so werden alle Leistungen sofort eingestellt, Sch\u00e4den oder Verzug oder sonstiges die sich daraus f\u00fcr den Kunden ergeben, k\u00f6nnen nicht gegen\u00fcber Ludwig Bauer Elektrotechnik geltend gemacht werden.<\/p>\n\n\n\n<p>3.6 Barauslagen und besondere Kosten, die dem Unternehmer auf ausdr\u00fccklichen Wunsch des Kunden entstehen, werden zum Selbstkostenpreis berechnet.<\/p>\n\n\n\n<p>3.7 S\u00e4mtliche Leistungen des Unternehmers verstehen sich zuz\u00fcglich der gesetzlich g\u00fcltigen Mehrwertsteuer in H\u00f6he von derzeit 19 %.<\/p>\n\n\n\n<p>4.1 Der Unternehmer beh\u00e4lt sich das Eigentum und das Verf\u00fcgungsrecht an den Kaufgegenst\u00e4nden bis zur vollst\u00e4ndigen &#8211;Zahlungserf\u00fcllung aus dem Vertrag vor. Der Kunde ist verpflichtet, solange das Eigentum noch nicht auf ihn \u00fcbergegangen ist, die Kaufgegenst\u00e4nde mit Sorgfalt zu behandeln. Solange das Eigentum noch nicht \u00fcbergegangen ist, hat der Kunde den Unternehmer unverz\u00fcglich schriftlich zu benachrichtigen, wenn der gelieferte Gegenstand gepf\u00e4ndet oder sonstigen Eingriffen Dritter ausgesetzt ist. Ver\u00e4u\u00dfert der Kunde, der kein Verbraucher ist, den Kaufgegenstand weiter, so hat er seinem Abnehmer den Eigentumsvorbehalt des Unternehmers offen zu legen. Ferner darf der Kunde, der kein Verbraucher ist, mit seinem Abnehmer kein Abtretungsverbot vereinbaren. Werden die Rechte des Unternehmers beeintr\u00e4chtigt, z.B. durch Pf\u00e4ndung, muss der Kunde ihm dies unverz\u00fcglich mitteilen. In diesem Falle tr\u00e4gt der Kunde die Beweislast f\u00fcr den Zugang der Information bei dem Unternehmer.<\/p>\n\n\n\n<p>4.2 Soweit die Kaufgegenst\u00e4nde wesentliche Bestandteile eines Geb\u00e4udes oder Grundst\u00fcckes des Kunden, der kein Verbraucher ist, geworden sind, verpflichtet sich dieser bei Nichteinhaltung der vereinbarten Zahlungstermine und ohne Vorliegen eigener Leistungsverweigerungsrechte dem Unternehmer die Demontage der Sachen, die ohne wesentliche Beeintr\u00e4chtigung des Bauk\u00f6rpers ausgebaut werden k\u00f6nnen, zu gestatten und ihm das Eigentum an diesen Gegenst\u00e4nden im Zweifel \u00fcber die Eigentumslage zur\u00fcck zu \u00fcbertragen. Die Demontage und sonstigen Kosten gehen zu Lasten des Kunden, der kein Verbraucher ist.<\/p>\n\n\n\n<p>4.3 Werden Kaufgegenst\u00e4nde mit einem anderen Gegenstand fest verbunden oder verarbeitet, so \u00fcbertr\u00e4gt der Kunde, der kein Verbraucher ist, falls durch die Verbindung oder Verarbeitung Forderungen oder Miteigentum entstehen, seine Forderungen oder sein Miteigentumsrecht an dem neuen Gegenstand in H\u00f6he der Forderung des Unternehmers an den Unternehmer.<\/p>\n\n\n\n<p>5.1 Der Kunde ist zur Abnahme des Auftragsgegenstandes verpflichtet, sobald der Unternehmer diesen \u00fcber die Fertigstellung informiert. Die Abnahme soll am Erf\u00fcllungsort erfolgen, soweit nicht ausdr\u00fccklich etwas anderes vereinbart ist.<\/p>\n\n\n\n<p>5.2 Der Kunde kommt mit der Abnahme in Verzug, wenn er den Vertragsgegenstand entweder nicht zum vereinbarten \u00dcbergabedatum oder nicht auf Aufforderung durch den Unternehmer unverz\u00fcglich abholt oder den Unternehmer nicht informiert, ob die erbrachte Arbeitsleistung der vertraglich geschuldeten entspricht. Ger\u00e4t der Kunde mit der Abnahme in Verzug haftet der Unternehmer nur bei Vorsatz und grober Fahrl\u00e4ssigkeit f\u00fcr Sch\u00e4den an den Ger\u00e4ten\/Sachen. Offensichtliche M\u00e4ngel sind vom K\u00e4ufer innerhalb von 1 Woche ab Lieferung des Vertragesgegenstandes anzuzeigen. Der Mangel muss schriftlich uns gegen\u00fcber ger\u00fcgt werden. Der Unternehmer haftet f\u00fcr Sachm\u00e4ngel nach den gesetzlichen Vorschriften des BGB. Systemimmanente geringe Farbabweichungen und geringe Farbabweichungen, die auf die Verwendung oder die Zusammenstellung unterschiedlicher Materialien zur\u00fcckzuf\u00fchren sind, gelten als vertragsgem\u00e4\u00df. Ist der Kunde ein Kaufmann oder Gewerbetreibender, so gelten die Vorschriften des HGB in Verbindung mit denen des BGB f\u00fcr die Sachm\u00e4ngelhaftung des Unternehmers.<\/p>\n\n\n\n<p>7.1 Der Unternehmer haftet in F\u00e4llen des Vorsatzes oder der groben Fahrl\u00e4ssigkeit nach den gesetzlichen Bestimmungen. Die Haftung f\u00fcr Garantien erfolgt verschuldensunabh\u00e4ngig. F\u00fcr leichte Fahrl\u00e4ssigkeit haftet der Unternehmer ausschlie\u00dflich nach den Vorschriften des Produkthaftungsgesetzes, wegen der Verletzung des Lebens, des K\u00f6rpers oder der Gesundheit oder wegen der Verletzung wesentlicher Vertragspflichten. Der Schadensersatzanspruch f\u00fcr die leicht fahrl\u00e4ssige Verletzung wesentlicher Vertragspflichten ist jedoch auf den vertragstypischen, vorhersehbaren Schaden begrenzt, soweit nicht wegen der Verletzung des Lebens, des K\u00f6rpers oder der Gesundheit gehaftet wird. F\u00fcr das Verschulden von Erf\u00fcllungsgehilfen und Vertretern haftet der Unternehmer in demselben Umfang.<\/p>\n\n\n\n<p>7.2 Die Regelung des vorstehenden Absatzes (7.1) erstreckt sich auf Schadensersatz neben der Leistung, den Schadensersatz statt der Leistung und den Ersatzanspruch wegen vergeblicher Aufwendungen, gleich aus welchem Rechtsgrund, einschlie\u00dflich der Haftung wegen M\u00e4ngeln, Verzugs oder Unm\u00f6glichkeit. Wir erheben Daten des Kunden nur im Rahmen der Abwicklung von Vertr\u00e4gen, zur Benachrichtigung von Pr\u00fcfungsfristen und zur Zusendung von Werbemitteln die ausschlie\u00dflich von Ludwig Bauer Elektrotechnik stammen. Dabei werden die gesetzlichen Vorgaben, insbesondere des Telemediengesetzes (TMG) und des Bundesdatenschutzgesetzes (BDSG) beachtet.<\/p>\n\n\n\n<p>9.1 F\u00fcr die Gesch\u00e4ftsverbindung zwischen den Parteien gilt ausschlie\u00dflich das Recht der Bundesrepublik Deutschland.<\/p>\n\n\n\n<p>9.2 Die Gerichtsstandvereinbarung gilt f\u00fcr Inlandskunden und Auslandskunden gleicherma\u00dfen.<\/p>\n\n\n\n<p>9.3 Erf\u00fcllungsort und Gerichtsstand f\u00fcr alle Leistungen und Auseinandersetzungen ist: ausschlie\u00dflich der Sitz des Unternehmers<\/p>\n\n\n\n<p>10.1 Nebenabreden zu diesem Vertrag bestehen nicht. \u00c4nderungen oder Erg\u00e4nzungen bed\u00fcrfen zu ihrer Rechtswirksamkeit der Schriftform, dies gilt auch f\u00fcr die Aufhebung des Schriftformerfordernisses.<\/p>\n\n\n\n<p>10.2 Der Kunde ist nicht berechtigt, seine Anspr\u00fcche aus dem Vertrag abzutreten. Sollte eine oder mehrere der vorstehenden Bestimmungen ung\u00fcltig sein, so soll die Wirksamkeit der \u00fcbrigen Bestimmungen hiervon nicht ber\u00fchrt werden. Dies gilt auch, wenn innerhalb einer Regelung ein Teil unwirksam, ein anderer Teil aber wirksam ist. Die jeweils unwirksame Bestimmung soll von den Parteien durch eine Regelung ersetzt werden, die den wirtschaftlichen Interessen der Vertragsparteien am n\u00e4chsten kommt und die den \u00fcbrigen vertraglichen Vereinbarungen nicht zuwider l\u00e4uft.<\/p>\n\n\n\n<p id=\"u961-61\"><strong>Ludwig Bauer Elektro GmbH<\/strong><\/p>\n\n\n\n<p id=\"u961-63\"><strong>Zehentweg 7<\/strong><\/p>\n\n\n\n<p id=\"u961-65\"><strong>82405 Wessobrunn in Oberbayern<\/strong><\/p>\n\n\n\n<p id=\"u961-67\"><strong>Tel.:\u00a0 08809 92 39 36 7<\/strong><\/p>\n\n\n\n<p id=\"u961-69\"><strong>Mail:&nbsp; info@ludwigbauer.de<\/strong><\/p>\n\n\n\n<p id=\"u961-71\"><strong>Registergericht: M\u00fcnchen&nbsp; Sitz: Weilheim<\/strong><\/p>\n\n\n\n<p id=\"u961-73\"><strong>Gesch\u00e4ftsf\u00fchrer: Ludwig Bauer<\/strong><\/p>\n\n\n\n<p>Milan ist ein Produkt von\u00a0<a href=\"http:\/\/www.ludwigbauer.de\/\">Ludwig Bauer Elektro<\/a> GmbH<\/p>\n\n\n\n<p>Datenschutz.<\/p>\n\n\n\n<p>Wir nehmen den Schutz Ihrer pers\u00f6nlichen Daten sehr ernst und halten uns an die zum Datenschutz geltenden gesetzlichen Regeln. Personenbezogene Daten werden auf dieser Webseite nur in dem f\u00fcr den Betrieb dieses Online Angebots notwendigen Umfang erhoben und verarbeitet. Die nachfolgende Erkl\u00e4rung gibt Ihnen einen \u00dcberblick dar\u00fcber, wie wir diesen Schutz gew\u00e4hrleisten und welche Art von Daten zu welchem Zweck erhoben werden.<\/p>\n\n\n\n<p>01 Personenbezogene Daten.<\/p>\n\n\n\n<p>Personenbezogene Daten sind Einzelangaben \u00fcber pers\u00f6nliche oder sachliche Verh\u00e4ltnisse einer bestimmten oder bestimmbaren nat\u00fcrlichen Person. Informationen, die nicht direkt oder indirekt mit Ihrer Identit\u00e4t in Verbindung gebracht werden k\u00f6nnen &#8211; wie z.B. Anzahl der Nutzer einer Seite &#8211; sind keine personenbezogenen Daten.<\/p>\n\n\n\n<p>Die personenbezogenen Daten, die Sie uns im Rahmen dieses Online Angebots mitgeteilt haben, werden wir ausschlie\u00dflich f\u00fcr diesen Zweck verwenden. An Dritte geben wir Ihre personenbezogenen Daten nicht weiter, au\u00dfer Sie erteilen hierf\u00fcr ausdr\u00fccklich Ihre Einwilligung oder wir sind auf Grund eines Gesetzes oder einer gerichtlichen oder beh\u00f6rdlichen Entscheidung dazu verpflichtet. Keine Dritten in diesem Sinn sind Auftragsdatenverarbeiter, die wir sorgf\u00e4ltig ausw\u00e4hlen und vertraglich auf die Einhaltung der erforderlichen technischen und organisatorischen Ma\u00dfnahmen zur Einhaltung des Datenschutzes verpflichten.<\/p>\n\n\n\n<p>02 Protokollierung.<\/p>\n\n\n\n<p>Ihr Browser \u00fcbermittelt beim Zugriff auf unsere Webseite aus technischen Gr\u00fcnden automatisch Daten an unseren Webserver. Es handelt sich dabei unter anderem um Datum und Uhrzeit des Zugriffs, URL der verweisenden Webseite, abgerufene Datei, Menge der gesendeten Daten, Browsertyp und &#8211; version, Betriebssystem sowie Ihre IP-Adresse. Diese Daten werden zu statistischen Zwecken ausgewertet und im Anschluss gel\u00f6scht.<\/p>\n\n\n\n<p>03 Hinweis zu Google Analytics.<\/p>\n\n\n\n<p>Diese Website benutzt Google Analytics, einen Webanalysedienst der Google Inc. (\u201eGoogle\u201c). Google Analytics verwendet sog. \u201eCookies\u201c, Textdateien, die auf Ihrem Computer gespeichert werden und die eine Analyse der Benutzung der Website durch Sie erm\u00f6glichen. Die durch den Cookie erzeugten Informationen \u00fcber Ihre Benutzung dieser Website werden in der Regel an einen Server von Google in den USA \u00fcbertragen und dort gespeichert. Im Falle der Aktivierung der IP-Anonymisierung auf dieser Webseite, wird Ihre IP-Adresse von Google jedoch innerhalb von Mitgliedstaaten der Europ\u00e4ischen Union oder in anderen Vertragsstaaten des Abkommens \u00fcber den Europ\u00e4ischen Wirtschaftsraum zuvor gek\u00fcrzt. Nur in Ausnahmef\u00e4llen wird die volle IP-Adresse an einen Server von Google in den USA \u00fcbertragen und dort gek\u00fcrzt. Im Auftrag des Betreibers dieser Website wird Google diese Informationen benutzen, um Ihre Nutzung der Website auszuwerten, um Reports \u00fcber die Websiteaktivit\u00e4ten zusammenzustellen und um weitere mit der Websitenutzung und der Internetnutzung verbundene Dienstleistungen gegen\u00fcber dem Websitebetreiber zu erbringen. Die im Rahmen von Google Analytics von Ihrem Browser \u00fcbermittelte IP-Adresse wird nicht mit anderen Daten von Google zusammengef\u00fchrt. Sie k\u00f6nnen die Speicherung der Cookies durch eine entsprechende Einstellung Ihrer Browser-Software verhindern; wir weisen Sie jedoch darauf hin, dass Sie in diesem Fall gegebenenfalls nicht s\u00e4mtliche Funktionen dieser Website vollumf\u00e4nglich werden nutzen k\u00f6nnen. Sie k\u00f6nnen dar\u00fcber hinaus die Erfassung der durch das Cookie erzeugten und auf Ihre Nutzung der Website bezogenen Daten (inkl. Ihrer IP-Adresse) an Google sowie die Verarbeitung dieser Daten durch Google verhindern, indem sie das Browser-Plugin herunterladen und installieren.<\/p>\n\n\n\n<p>04 Externe Links.<\/p>\n\n\n\n<p>Zu Ihrer optimalen Information finden Sie auf unseren Seiten Links, die auf Seiten Dritter verweisen. Da es sich dabei um Webseiten anderer Anbieter handelt, haben wir keinerlei Einfluss auf deren Inhalte, f\u00fcr die ausschlie\u00dflich der jeweilige Anbieter verantwortlich ist. F\u00fcr die verlinkten Seiten Dritter gilt diese Datenschutzerkl\u00e4rung dementsprechend nicht.<\/p>\n\n\n\n<p>05 Auskunftsrecht.<\/p>\n\n\n\n<p>Sie haben jederzeit das Recht auf Auskunft \u00fcber die bez\u00fcglich Ihrer Person gespeicherten Daten, deren Herkunft, sowie den Zweck der Speicherung. Auskunft \u00fcber die gespeicherten Daten gibt Ihnen unser Datenschutzbeauftragter. Um Auskunft zu erhalten m\u00fcssen Sie sich, als die Person (\u00fcber die Auskunft gegeben werden soll), identifizieren bzw. nachweisen, dass Sie berechtigt sind Auskunft \u00fcber eine dritte Person zu empfangen.<\/p>\n\n\n\n<p>06 Weitere Informationen.<\/p>\n\n\n\n<p>Ihr Vertrauen ist uns wichtig. Daher m\u00f6chten wir Ihnen jederzeit Rede und Antwort bez\u00fcglich der Verarbeitung Ihrer personenbezogenen Daten stehen. Wenn Sie Fragen haben, die Ihnen diese Datenschutzerkl\u00e4rung nicht beantworten konnte oder wenn Sie zu einem Punkt vertiefte Informationen w\u00fcnschen, wenden Sie sich bitte jederzeit an den Datenschutzbeauftragten.<\/p>\n\n\n\n<p>07 \u00c4nderung der Datenschutzerkl\u00e4rung.<\/p>\n\n\n\n<p>Diese Datenschutzerkl\u00e4rung kann, beispielsweise auf Grund von Gesetzes\u00e4nderungen, Anpassungen unterliegen. Wir bitten Sie daher, diese Seite regelm\u00e4\u00dfig durchzulesen.<\/p>\n\n\n\n<p>08 Ihr Ansprechpartner zum Thema Datenschutz.<\/p>\n\n\n\n<p>Ludwig Bauer<\/p>\n\n\n\n<p>Telefon 08809 92 39 36 7<\/p>\n\n\n\n<p>Mail info@ludwigbauer.de<\/p>\n","protected":false},"excerpt":{"rendered":"<p>Impressum Our website address is: https:\/\/milan-office.de. Nachstehend informieren wir Sie \u00fcber inhaltliche und [&hellip;]<\/p>\n","protected":false},"author":1,"featured_media":0,"parent":0,"menu_order":0,"comment_status":"closed","ping_status":"open","template":"","meta":[],"_links":{"self":[{"href":"https:\/\/milan-office.de\/index.php?rest_route=\/wp\/v2\/pages\/3"}],"collection":[{"href":"https:\/\/milan-office.de\/index.php?rest_route=\/wp\/v2\/pages"}],"about":[{"href":"https:\/\/milan-office.de\/index.php?rest_route=\/wp\/v2\/types\/page"}],"author":[{"embeddable":true,"href":"https:\/\/milan-office.de\/index.php?rest_route=\/wp\/v2\/users\/1"}],"replies":[{"embeddable":true,"href":"https:\/\/milan-office.de\/index.php?rest_route=%2Fwp%2Fv2%2Fcomments&post=3"}],"version-history":[{"count":1,"href":"https:\/\/milan-office.de\/index.php?rest_route=\/wp\/v2\/pages\/3\/revisions"}],"predecessor-version":[{"id":15,"href":"https:\/\/milan-office.de\/index.php?rest_route=\/wp\/v2\/pages\/3\/revisions\/15"}],"wp:attachment":[{"href":"https:\/\/milan-office.de\/index.php?rest_route=%2Fwp%2Fv2%2Fmedia&parent=3"}],"curies":[{"name":"wp","href":"https:\/\/api.w.org\/{rel}","templated":true}]}}